{"id":12178,"date":"2019-04-05T09:23:56","date_gmt":"2019-04-05T06:23:56","guid":{"rendered":"https:\/\/hezzjet.com\/o-nas\/"},"modified":"2022-08-09T16:49:22","modified_gmt":"2022-08-09T13:49:22","slug":"o-nas","status":"publish","type":"page","link":"https:\/\/hezzjet.com\/pl\/o-nas\/","title":{"rendered":"O nas"},"content":{"rendered":"<p>[vc_row][vc_column width=&#8221;1\/2&#8243;][vc_custom_heading text=&#8221;Transport pasa\u017cerski i wynajem pojazd\u00f3w.&#8221; font_container=&#8221;tag:h3|text_align:left&#8221; use_theme_fonts=&#8221;yes&#8221;][vc_column_text]Zapewniamy przew\u00f3z os\u00f3b w kraju i za granic\u0105, wyjazdy turystyczne, transfery, wynajem autokar\u00f3w dla biznesu oraz transport turystyczny. Wychodz\u0105c naprzeciw oczekiwaniom naszych klient\u00f3w gwarantujemy wysok\u0105 jako\u015b\u0107 organizacji podr\u00f3\u017cy, profesjonalizm naszych kierowc\u00f3w, bezpiecze\u0144stwo i komfort jazdy.[\/vc_column_text]<div class=\"theme-component-list theme-component-list-style-2 theme-margin-top-40\">\n<ul>\n<li>Wysoko wykwalifikowani kierowcy<\/li>\n<li>Nowoczesny transport<\/li>\n<li>24\/7 wsparcie i serwis<\/li>\n<\/ul>\n<\/div>[\/vc_column][vc_column width=&#8221;1\/2&#8243;][vc_single_image image=&#8221;11883&#8243; img_size=&#8221;full&#8221; el_class=&#8221;theme-image-style-1&#8243;][\/vc_column][\/vc_row][vc_row full_width=&#8221;stretch_row_content_no_spaces&#8221; equal_height=&#8221;yes&#8221;][vc_column width=&#8221;1\/2&#8243; css=&#8221;.vc_custom_1569325339582{background-image: url(http:\/\/hezzjet.com\/wp-content\/uploads\/2019\/09\/image_01-1.jpg?id=10425) !important;}&#8221;][vc_single_image image=&#8221;11812&#8243; img_size=&#8221;large&#8221; css=&#8221;.vc_custom_1655104143191{background-position: center !important;background-repeat: no-repeat !important;background-size: cover !important;}&#8221;][\/vc_column][vc_column width=&#8221;1\/2&#8243; el_class=&#8221;theme-column-style-1 theme-background-color-12&#8243;][vc_custom_heading text=&#8221;Dbamy o komfort i bezpiecze\u0144stwo naszych klient\u00f3w&#8221; font_container=&#8221;tag:h3|text_align:left&#8221; use_theme_fonts=&#8221;yes&#8221;][vc_column_text]Pasa\u017cerowie podr\u00f3\u017cuj\u0105cy naszymi samochodami maj\u0105 dost\u0119p do bezp\u0142atnego Internetu o pr\u0119dko\u015bci LTE korzystaj\u0105c z sieci WI-FI na pok\u0142adzie oraz po\u0142\u0105czenia USB\/V230, aby w ka\u017cdej chwili m\u00f3c na\u0142adowa\u0107 swojego smartfona lub laptopa.[\/vc_column_text]<div class=\"theme-component-list theme-component-list-style-2 theme-margin-top-40\">\n<ul>\n<li>Szybki Internet nawet w podr\u00f3\u017cy<\/li>\n<li>Bezpieczne podr\u00f3\u017ce z HezzJet<\/li>\n<li>Punktualno\u015b\u0107<\/li>\n<\/ul>\n<\/div>[\/vc_column][\/vc_row][vc_row full_width=&#8221;stretch_row_content_no_spaces&#8221;][vc_column]\n            <div class=\"theme-component-process-list\">\n                [vc_row_inner equal_height=&#8221;yes&#8221;][vc_column_inner width=&#8221;1\/4&#8243;]\n            <div class=\"theme-component-process-list-item theme-component-process-list-item-even\">\n                <div>01<\/div>\n                <span class=\"theme-icon-feature-calendar\"><\/span>\n                <p>Profesjonalizm i terminowo\u015b\u0107 to wymagania ka\u017cdego z naszych kierowc\u00f3w<\/p>\n            <\/div>\n        [\/vc_column_inner][vc_column_inner width=&#8221;1\/4&#8243;]\n            <div class=\"theme-component-process-list-item theme-component-process-list-item-odd\">\n                <div>02<\/div>\n                <span class=\"theme-icon-feature-recurring-1\"><\/span>\n                <p>Je\u015bli chodzi o bezpiecze\u0144stwo, robimy wi\u0119cej<\/p>\n            <\/div>\n        [\/vc_column_inner][vc_column_inner width=&#8221;1\/4&#8243;]\n            <div class=\"theme-component-process-list-item theme-component-process-list-item-even\">\n                <div>03<\/div>\n                <span class=\"theme-icon-feature-bag-1\"><\/span>\n                <p>Mo\u017cesz polega\u0107 na naszej wiedzy i do\u015bwiadczeniu<\/p>\n            <\/div>\n        [\/vc_column_inner][vc_column_inner width=&#8221;1\/4&#8243;]\n            <div class=\"theme-component-process-list-item theme-component-process-list-item-odd\">\n                <div>04<\/div>\n                <span class=\"theme-icon-feature-vip\"><\/span>\n                <p>Najwy\u017csza jako\u015b\u0107 i obs\u0142uga<\/p>\n            <\/div>\n        [\/vc_column_inner][\/vc_row_inner]\n            <\/div>\n        [\/vc_column][\/vc_row]<\/p>\n<div id=\"gtx-trans\" style=\"position: absolute; left: 34px; top: 529.2px;\">\n<div class=\"gtx-trans-icon\"><\/div>\n<\/div>\n","protected":false},"excerpt":{"rendered":"<p>[vc_row][vc_column width=&#8221;1\/2&#8243;][vc_custom_heading text=&#8221;Transport pasa\u017cerski i wynajem pojazd\u00f3w.&#8221; font_container=&#8221;tag:h3|text_align:left&#8221; use_theme_fonts=&#8221;yes&#8221;][vc_column_text]Zapewniamy przew\u00f3z os\u00f3b w kraju i za granic\u0105, wyjazdy turystyczne, transfery, wynajem autokar\u00f3w dla biznesu oraz transport turystyczny. Wychodz\u0105c naprzeciw oczekiwaniom naszych klient\u00f3w gwarantujemy wysok\u0105 jako\u015b\u0107 organizacji podr\u00f3\u017cy, profesjonalizm naszych kierowc\u00f3w, bezpiecze\u0144stwo i komfort jazdy.[\/vc_column_text][\/vc_column][vc_column width=&#8221;1\/2&#8243;][vc_single_image image=&#8221;11883&#8243; img_size=&#8221;full&#8221; el_class=&#8221;theme-image-style-1&#8243;][\/vc_column][\/vc_row][vc_row full_width=&#8221;stretch_row_content_no_spaces&#8221; equal_height=&#8221;yes&#8221;][vc_column width=&#8221;1\/2&#8243; css=&#8221;.vc_custom_1569325339582{background-image: url(http:\/\/hezzjet.com\/wp-content\/uploads\/2019\/09\/image_01-1.jpg?id=10425) !important;}&#8221;][vc_single_image image=&#8221;11812&#8243; img_size=&#8221;large&#8221; [&#8230;]<\/p>\n","protected":false},"author":1,"featured_media":0,"parent":0,"menu_order":0,"comment_status":"closed","ping_status":"closed","template":"","meta":{"footnotes":""},"class_list":["post-12178","page","type-page","status-publish","hentry"],"jetpack_sharing_enabled":true,"_links":{"self":[{"href":"https:\/\/hezzjet.com\/pl\/wp-json\/wp\/v2\/pages\/12178","targetHints":{"allow":["GET"]}}],"collection":[{"href":"https:\/\/hezzjet.com\/pl\/wp-json\/wp\/v2\/pages"}],"about":[{"href":"https:\/\/hezzjet.com\/pl\/wp-json\/wp\/v2\/types\/page"}],"author":[{"embeddable":true,"href":"https:\/\/hezzjet.com\/pl\/wp-json\/wp\/v2\/users\/1"}],"replies":[{"embeddable":true,"href":"https:\/\/hezzjet.com\/pl\/wp-json\/wp\/v2\/comments?post=12178"}],"version-history":[{"count":5,"href":"https:\/\/hezzjet.com\/pl\/wp-json\/wp\/v2\/pages\/12178\/revisions"}],"predecessor-version":[{"id":12191,"href":"https:\/\/hezzjet.com\/pl\/wp-json\/wp\/v2\/pages\/12178\/revisions\/12191"}],"wp:attachment":[{"href":"https:\/\/hezzjet.com\/pl\/wp-json\/wp\/v2\/media?parent=12178"}],"curies":[{"name":"wp","href":"https:\/\/api.w.org\/{rel}","templated":true}]}}